{"id":12331,"date":"2021-10-29T10:02:32","date_gmt":"2021-10-29T10:02:32","guid":{"rendered":"https:\/\/bonoboterra.com\/sobre-el-fundador\/"},"modified":"2024-11-01T15:11:33","modified_gmt":"2024-11-01T15:11:33","slug":"sobre-el-fundador","status":"publish","type":"page","link":"https:\/\/seoma.com\/es\/sobre-el-fundador\/","title":{"rendered":"Sobre el fundador"},"content":{"rendered":"\t\t<div data-elementor-type=\"wp-page\" data-elementor-id=\"12331\" class=\"elementor elementor-12331\" data-elementor-post-type=\"page\">\n\t\t\t\t<div class=\"elementor-element elementor-element-bcb0632 e-flex e-con-boxed e-con e-parent\" data-id=\"bcb0632\" data-element_type=\"container\" data-e-type=\"container\">\n\t\t\t\t\t<div class=\"e-con-inner\">\n\t\t\t\t<div class=\"elementor-element elementor-element-97df824 elementor-widget elementor-widget-text-editor\" data-id=\"97df824\" data-element_type=\"widget\" data-e-type=\"widget\" data-widget_type=\"text-editor.default\">\n\t\t\t\t<div class=\"elementor-widget-container\">\n\t\t\t\t\t\t\t\t\t<p><strong>Lazar Shaulov &#8211; Fundador y visionario de Bonobo Terra<\/strong><br><em>Nacido:<\/em> 18 de febrero de 1969, Jasavyurt, URSS<br><em>Educaci\u00f3n:<\/em> Universidad Estatal de Rostov (Facultad de Historia)<br><em>Experiencia:<\/em> Fundador, empresario, investigador en antropolog\u00eda e historia<\/p>\n<p><strong>Sobre Lazar Shaulov<\/strong><br><a href=\"https:\/\/en.wikipedia.org\/wiki\/Lazar_Shaulov\" target=\"_blank\">Lazar Shaulov<\/a>&nbsp;es el miembro de sexta generaci\u00f3n de una familia de educadores. Su padre, Alexander Lazarevich Shaulov, estudi\u00f3 en la Facultad de Historia de la Universidad Estatal de Rostov de 1953 a 1958 y luego se convirti\u00f3 en profesor de historia. La madre de Lazar, Tamara Ivanovna, ense\u00f1aba dibujo t\u00e9cnico y dibujo en la escuela. En 1972, la familia se mud\u00f3 a la regi\u00f3n de Rostov, espec\u00edficamente al campus del Instituto Agr\u00edcola de Don, donde Lazar pas\u00f3 su infancia y a\u00f1os escolares.   <\/p>\n<p>Lazar asisti\u00f3 a la Escuela Secundaria n\u00ba 32 de Novocherkassk, y en 1986 se matricul\u00f3 en el \u00abinstituto agr\u00edcola nativo\u00bb, donde destac\u00f3 como estudiante en el departamento de agronom\u00eda, centr\u00e1ndose en la qu\u00edmica y la biolog\u00eda y adquiriendo habilidades pr\u00e1cticas en el manejo de tractores y cosechadoras mientras preparaba los campos para la siembra y la cosecha. Sin embargo, tras su segundo a\u00f1o, se dio cuenta de que la agricultura no era su vocaci\u00f3n. <\/p>\n<p>En 1988, acept\u00f3 un trabajo como tornero en la F\u00e1brica de Locomotoras El\u00e9ctricas de Novocherkassk, adquiriendo una valiosa experiencia en una empresa industrial a gran escala.<\/p>\n<p><strong>Camino al \u00e9xito<\/strong><br>En 1990, Lazar se matricul\u00f3 en la Facultad de Historia de la Universidad Estatal de Rostov. Durante sus estudios, profundiz\u00f3 en la historia y la antropolog\u00eda, al tiempo que se dedicaba activamente a los negocios. A los 24 a\u00f1os, en 1993, fund\u00f3 su primera empresa, desarrollando un sistema de cr\u00e9dito basado en facturas para empresas, que vendi\u00f3 al banco de Rostov \u00abCenter-Invest\u00bb junto con una participaci\u00f3n en los ingresos del 25% por gestionar las operaciones de facturas del banco. Este acuerdo gener\u00f3 el primer mill\u00f3n de d\u00f3lares de beneficios de la empresa en su a\u00f1o inaugural.   <\/p>\n<p>La empresa de Lazar sigui\u00f3 creciendo en otros segmentos del mercado de valores. En 1996, adquiri\u00f3 sus primeras acciones en una f\u00e1brica de azulejos de la ciudad de Shakhty. En 1998, ten\u00eda una participaci\u00f3n mayoritaria en la empresa, que entonces estaba al borde de la quiebra, con m\u00e1s de seis meses de atrasos salariales y considerables deudas con los proveedores.  <\/p>\n<p><strong>Avance en los Negocios<\/strong><br>En julio de 1998, a los 29 a\u00f1os, Lazar fue elegido CEO de la planta de azulejos, produciendo 1.4 millones de metros cuadrados de azulejos cer\u00e1micos anualmente. La optimizaci\u00f3n de los procesos comerciales, la modernizaci\u00f3n completa de la producci\u00f3n, la construcci\u00f3n de nuevas capacidades (incluida una planta de ladrillos), la adquisici\u00f3n de dos empresas de azulejos y porcelanato en Voronezh y San Petersburgo, y la creaci\u00f3n de su propia red de distribuci\u00f3n permitieron a Lazar aumentar la capacidad de producci\u00f3n de la empresa a 34 millones de metros cuadrados anualmente, los ingresos a $200 millones y el EBITDA a $50 millones, convirti\u00e9ndola en un jugador l\u00edder en la industria de la construcci\u00f3n de Rusia \u2014 &nbsp;<a href=\"https:\/\/en.m.wikipedia.org\/wiki\/Unitile\" target=\"_blank\">Unitile Holding<\/a>.<\/p>\n<p>La crisis financiera mundial de 2008 afect\u00f3 negativamente al cumplimiento de los pactos de la empresa (obligaciones de ingresos y beneficios con los bancos acreedores). Los bancos acreedores, incapaces de llegar a un acuerdo sobre las condiciones de reestructuraci\u00f3n, exigieron el reembolso anticipado de todos los 200 millones de d\u00f3lares en pr\u00e9stamos y la participaci\u00f3n de inversores externos, utilizando la presi\u00f3n, la intimidaci\u00f3n y las amenazas de procesamiento penal. Uno de los inversores propuestos, Leonid Maevsky, carec\u00eda finalmente de los fondos prometidos.  <\/p>\n<p>Lazar decidi\u00f3 proteger la empresa declar\u00e1ndose en quiebra y reestructurando las deudas con los recursos de la empresa.<\/p>\n<p>En 2012, Lazar dimiti\u00f3 como director general. Su meticulosa preparaci\u00f3n de los documentos legales le permiti\u00f3 salir con dignidad del conflicto empresarial en el que estaba implicado el Sr. Maevsky. Como \u00fanico accionista de la principal planta de producci\u00f3n de Unitile Holding, OJSC Stroyfarfor, transfiri\u00f3 el control a Mikhail Fridman y German Khan, del Grupo Alfa, que resolvieron todos los problemas con Maevsky y liberaron a Lazar de todas las garant\u00edas personales sobre los pr\u00e9stamos, cumpliendo todas las obligaciones.  <\/p>\n<p><strong>Nuevos Horizontes<\/strong><br>En 2012, Lazar lanz\u00f3 el proyecto \u00ab<a href=\"https:\/\/psihodom.com\/\" target=\"_blank\">Cl\u00ednica Psiqui\u00e1trica<\/a>\u00ab, atrayendo a 700,000 seguidores en Facebook y logrando millones de vistas diarias. Sin embargo, debido a la censura de Facebook, el proyecto fue eliminado, lo que llev\u00f3 a Lazar a reevaluar su estrategia y enfoque para alojar y desarrollar sus proyectos en plataformas externas. <\/p>\n<p>En 2016, Lazar fund\u00f3 el proyecto \u00ab<a href=\"https:\/\/santosepulcro.co.il\/en\/\" target=\"_blank\">Vela de Jerusal\u00e9n<\/a>\u00ab, el primero en el mundo en ofrecer recorridos virtuales por la Iglesia del Santo Sepulcro y otros sitios religiosos en Jerusal\u00e9n.&nbsp;<a href=\"https:\/\/santosepulcro.co.il\/tours\/santosepulcro\/eng\/html5\/index.html\" target=\"_blank\">El recorrido virtual de la Iglesia del Santo Sepulcro<\/a>&nbsp;ha atra\u00eddo a m\u00e1s de 15 millones de visitantes, y el sitio web del proyecto contin\u00faa creciendo, demostrando la capacidad de Lazar para adaptar la tecnolog\u00eda para crear contenido \u00fanico e interactivo.<\/p>\n<p>Bonobo <strong>Terra &#8211; El proyecto de una nueva generaci\u00f3n<\/strong><br>Con su experiencia y conocimientos acumulados, Lazar se inspir\u00f3 para crear Bonobo Terra &#8211; un universo virtual para el siglo XXI. La plataforma ofrece a los usuarios la posibilidad de crear mundos \u00fanicos, libres de estereotipos y limitaciones, explorar la creatividad y encontrar apoyo. Bonobo Terra no es s\u00f3lo una plataforma; encarna los a\u00f1os de experiencia de Lazar y su visi\u00f3n para crear un espacio digital libre y seguro.  <\/p>\n<p>\u00abEstoy profundamente convencido de que todo lo que se puede imaginar se puede hacer. Por eso estamos creando un universo digital donde todo el mundo pueda ser \u00e9l mismo, libre de estereotipos y limitaciones.\u00bb &#8211; Lazar Shaulov.<\/p>\t\t\t\t\t\t\t\t<\/div>\n\t\t\t\t<\/div>\n\t\t\t\t\t<\/div>\n\t\t\t\t<\/div>\n\t\t\t\t<\/div>\n\t\t","protected":false},"excerpt":{"rendered":"<p>Lazar Shaulov &#8211; Fundador y visionario de SeomaNacido: 18 de febrero de 1969, Jasavyurt, URSSEducaci\u00f3n: Universidad Estatal de Rostov (Facultad de Historia)Experiencia: Fundador, empresario, investigador en antropolog\u00eda e historia Sobre Lazar ShaulovLazar Shaulov&nbsp;es el miembro de sexta generaci\u00f3n de una familia de educadores. Su padre, Alexander Lazarevich Shaulov, estudi\u00f3 en la Facultad de Historia de &hellip; <a href=\"https:\/\/seoma.com\/es\/sobre-el-fundador\/\" class=\"more-link\">Continue reading <span class=\"screen-reader-text\">Sobre el fundador<\/span><\/a><\/p>\n","protected":false},"author":1,"featured_media":0,"parent":0,"menu_order":0,"comment_status":"closed","ping_status":"closed","template":"","meta":{"_acf_changed":false,"om_disable_all_campaigns":false,"_monsterinsights_skip_tracking":false,"_monsterinsights_sitenote_active":false,"_monsterinsights_sitenote_note":"","_monsterinsights_sitenote_category":0,"_uf_show_specific_survey":0,"_uf_disable_surveys":false,"footnotes":""},"class_list":["post-12331","page","type-page","status-publish","hentry"],"acf":[],"aioseo_notices":[],"_links":{"self":[{"href":"https:\/\/seoma.com\/es\/wp-json\/wp\/v2\/pages\/12331","targetHints":{"allow":["GET"]}}],"collection":[{"href":"https:\/\/seoma.com\/es\/wp-json\/wp\/v2\/pages"}],"about":[{"href":"https:\/\/seoma.com\/es\/wp-json\/wp\/v2\/types\/page"}],"author":[{"embeddable":true,"href":"https:\/\/seoma.com\/es\/wp-json\/wp\/v2\/users\/1"}],"replies":[{"embeddable":true,"href":"https:\/\/seoma.com\/es\/wp-json\/wp\/v2\/comments?post=12331"}],"version-history":[{"count":8,"href":"https:\/\/seoma.com\/es\/wp-json\/wp\/v2\/pages\/12331\/revisions"}],"predecessor-version":[{"id":12602,"href":"https:\/\/seoma.com\/es\/wp-json\/wp\/v2\/pages\/12331\/revisions\/12602"}],"wp:attachment":[{"href":"https:\/\/seoma.com\/es\/wp-json\/wp\/v2\/media?parent=12331"}],"curies":[{"name":"wp","href":"https:\/\/api.w.org\/{rel}","templated":true}]}}