{"id":13058,"date":"2025-03-02T17:55:45","date_gmt":"2025-03-02T17:55:45","guid":{"rendered":"https:\/\/seoma.com\/?page_id=13058"},"modified":"2025-03-05T04:01:33","modified_gmt":"2025-03-05T04:01:33","slug":"20250212_seoma-mvp-master-plan-february-june-2025_esp","status":"publish","type":"page","link":"https:\/\/seoma.com\/es\/documentos\/20250212_seoma-mvp-master-plan-february-june-2025_esp\/","title":{"rendered":"20250212_SEOMA MVP Master Plan (February \u2013 June 2025)_ESP"},"content":{"rendered":"\n<p><strong>Plan Maestro SEOMA MVP (febrero \u2013 junio 2025)<\/strong><\/p>\n\n\n\n<p><strong>Toda la informaci\u00f3n debe respetar (y prevalece antes que este documento) los<\/strong><strong> siguientes documentos:<\/strong><strong><\/strong><\/p>\n\n\n\n<ul class=\"wp-block-list\">\n<li><strong>20240207_MVP_SEOMA_PROJECT.xlsx<\/strong><strong> <\/strong><strong>(enviado<\/strong><strong> <\/strong><strong>el<\/strong><strong> <\/strong><strong>dia<\/strong><strong> <\/strong><strong>07\/02\/2025<\/strong><strong> <\/strong><strong>)<\/strong><\/li>\n\n\n\n<li><strong>20240207_Planificaci\u00f3n_MVP_Seoma_project (enviado el dia 07\/02\/2025 )<\/strong><\/li>\n\n\n\n<li><strong>planificaci\u00f3n de tareas.pdf (enviado el d\u00eda 29\/01\/2025 )<\/strong><\/li>\n<\/ul>\n\n\n\n<h3 class=\"wp-block-heading\"><a><\/a>1.&nbsp;&nbsp; Introducci\u00f3n: Metas y objetivos de MVP<\/h3>\n\n\n\n<h2 class=\"wp-block-heading\"><a><\/a>1.1.&nbsp; Objetivos comerciales generales<\/h2>\n\n\n\n<h3 class=\"wp-block-heading\">&nbsp;&nbsp;&nbsp;&nbsp;&nbsp;&nbsp;&nbsp;&nbsp;&nbsp;&nbsp;&nbsp; Prueba de concepto:<\/h3>\n\n\n\n<ul class=\"wp-block-list\">\n<li>Atrae al menos 300 usuarios activos.<ul><li>El 50% de ellos realiza acciones clave (crear un avatar o configurar un mundo).<\/li><\/ul>\n<ul class=\"wp-block-list\">\n<li>Recopile comentarios para futuras mejoras.<\/li>\n<\/ul>\n<\/li>\n<\/ul>\n\n\n\n<h3 class=\"wp-block-heading\">&nbsp;&nbsp;&nbsp;&nbsp;&nbsp;&nbsp;&nbsp;&nbsp;&nbsp;&nbsp;&nbsp;&nbsp; Preparaci\u00f3n para la divulgaci\u00f3n a los inversores:<\/h3>\n\n\n\n<ul class=\"wp-block-list\">\n<li>El mundo de exhibici\u00f3n y las f\u00e1bricas (f\u00e1brica de avatares y f\u00e1brica mundial) deben estar listos para la demostraci\u00f3n.<ul><li>Compile un informe anal\u00edtico sobre la actividad y la participaci\u00f3n de los usuarios.<\/li><\/ul>\n<ul class=\"wp-block-list\">\n<li>Preparar materiales para la presentaci\u00f3n de la idea del proyecto.<\/li>\n<\/ul>\n<\/li>\n<\/ul>\n\n\n\n<h3 class=\"wp-block-heading\"><a><\/a>1.2.&nbsp; Objetivos del usuario<\/h3>\n\n\n\n<ul class=\"wp-block-list\">\n<li><strong>Creaci\u00f3n de avatares<\/strong>: 85\u201398 % de realismo a partir de 1 a 3 fotograf\u00edas, con un tiempo de generaci\u00f3n de 10 a 30 segundos.<ul><li><strong>Creaci\u00f3n del mundo<\/strong>: arrastrar y soltar objetos, interfaz sencilla, niveles de acceso (p\u00fablico\/privado).<\/li><\/ul>\n<ul class=\"wp-block-list\">\n<li><strong>Funciones sociales<\/strong>: chat en tiempo real (latencia de hasta 1 segundo), comentarios, interacciones en el mundo de otros usuarios.<\/li>\n<\/ul>\n<\/li>\n<\/ul>\n\n\n\n<h3 class=\"wp-block-heading\"><a><\/a>1.3.&nbsp; Objetivos t\u00e9cnicos<\/h3>\n\n\n\n<ul class=\"wp-block-list\">\n<li><strong>Arquitectura y estabilidad<\/strong>: Admite hasta 1000 usuarios simult\u00e1neos sin fallas cr\u00edticas.<ul><li><strong>Escalabilidad<\/strong>: Escalamiento flexible de la capacidad del servidor sin grandes revisiones arquitect\u00f3nicas.<\/li><\/ul><ul><li><strong>Seguridad y Privacidad<\/strong>: Cifrado de datos, cumplimiento del RGPD.<\/li><\/ul>\n<ul class=\"wp-block-list\">\n<li><strong>Colecci\u00f3n de an\u00e1lisis<\/strong>: M\u00e9tricas de actividad, engagement, satisfacci\u00f3n.<\/li>\n<\/ul>\n<\/li>\n<\/ul>\n\n\n\n<h3 class=\"wp-block-heading\"><a><\/a>1.4.&nbsp; Entregables antes del 1 de junio de 2025<\/h3>\n\n\n\n<p><strong><br><\/strong><\/p>\n\n\n\n<ul class=\"wp-block-list\">\n<li>Una plataforma SEOMA (MVP) funcional con:<ul><li><strong>cliente .exe <\/strong>(mundo escaparate + f\u00e1brica mundial)<\/li><\/ul><ul><li><strong>Del lado del servidor <\/strong>(f\u00e1brica de avatares, caracter\u00edsticas sociales)<\/li><\/ul><ul><li><strong>interfaz web <\/strong>(\u00e1rea de cuenta de usuario)<\/li><\/ul><ul><li>Capacidad para incorporar a los primeros usuarios (m\u00e1s de 300 personas) y recopilar m\u00e9tricas clave (retenci\u00f3n, porcentaje que completan acciones clave).<\/li><\/ul>\n<ul class=\"wp-block-list\">\n<li>An\u00e1lisis de base y materiales de presentaci\u00f3n para mostrar potencialmente el proyecto a los inversores.<\/li>\n<\/ul>\n<\/li>\n<\/ul>\n\n\n\n<h3 class=\"wp-block-heading\"><a><\/a>2.&nbsp;&nbsp; Distribuci\u00f3n de tareas entre equipos<\/h3>\n\n\n\n<h3 class=\"wp-block-heading\"><a><\/a>2.1.&nbsp; Alex (PixelDreams)<\/h3>\n\n\n\n<h3 class=\"wp-block-heading\">&nbsp;&nbsp;&nbsp;&nbsp;&nbsp;&nbsp;&nbsp;&nbsp;&nbsp;&nbsp;&nbsp;&nbsp;&nbsp; Cliente .exe (Unidad):<\/h3>\n\n\n\n<ul class=\"wp-block-list\">\n<li><s>Integre avatares en Unity para visualizaci\u00f3n e interacci\u00f3n en el mundo virtual.<\/s><ul><li>Este punto no est\u00e1 contemplado por parte de Pixeldreams, deber\u00e1 integrarlo Vitaly.<\/li><\/ul><ul><li><s>Los avatares generados en el servidor deben transferirse a Unity y mostrarse<\/s> <s>en el espacio virtual.<\/s><ul><li>Este punto no est\u00e1 contemplado por parte de Pixeldreams, deber\u00e1 integrarlo Vitaly.<\/li><\/ul><\/li><\/ul><ul><li><s>Integre con el servidor para sincronizar datos sobre posiciones y acciones de<\/s> <s>avatar.<\/s><ul><li>Este punto no est\u00e1 contemplado por parte de Pixeldreams, deber\u00e1 integrarlo Vitaly.<\/li><\/ul><\/li><\/ul>\n<ul class=\"wp-block-list\">\n<li><strong>Gr\u00e1ficos 3D<\/strong>: Retopolog\u00eda, texturizado, iluminaci\u00f3n (al horno).<\/li>\n<\/ul>\n<\/li>\n<\/ul>\n\n\n\n<h3 class=\"wp-block-heading\">&nbsp;&nbsp;&nbsp;&nbsp;&nbsp;&nbsp;&nbsp;&nbsp;&nbsp;&nbsp;&nbsp;&nbsp;&nbsp; IU del cliente:<\/h3>\n\n\n\n<ul class=\"wp-block-list\">\n<li>Movimiento\/selecci\u00f3n de objetos, funciones b\u00e1sicas de guardado de escenas locales.\n<ul class=\"wp-block-list\">\n<li><s>Integre con el servidor para sincronizaci\u00f3n multijugador y avatares (en<\/s><s>colaboraci\u00f3n con Vitaly).<\/s>\n<ul class=\"wp-block-list\">\n<li>Este punto no est\u00e1 contemplado por parte de Pixeldreams, deber\u00e1 integrarlo Vitaly.<\/li>\n<\/ul>\n<\/li>\n<\/ul>\n<\/li>\n<\/ul>\n\n\n\n<ul class=\"wp-block-list\">\n<li><strong>Vitaly (Promo Digital)Arquitectura del servidor (Docker, Kubernetes), bases de datos, almacenamiento de datos de usuarios\/mundo.Avatar Factory (ML\/fotogrametr\u00eda): genere modelos 3D realistas a partir de 1 a 3 fotos cargadas.<\/strong><\/li>\n<\/ul>\n\n\n\n<h3 class=\"wp-block-heading\">&nbsp;&nbsp;&nbsp;&nbsp;&nbsp;&nbsp;&nbsp;&nbsp;&nbsp;&nbsp;&nbsp;&nbsp;&nbsp; Integraci\u00f3n de Avatares en el Cliente .exe (Unidad):<\/h3>\n\n\n\n<ul class=\"wp-block-list\">\n<li>Desarrollar una API para transferir avatares a Unity.<ul><li>Configurar sincronizaci\u00f3n en tiempo real (movimiento, acciones).<\/li><\/ul>\n<ul class=\"wp-block-list\">\n<li><strong>Funciones sociales<\/strong>: chat de texto\/voz, sincronizaci\u00f3n de usuarios para multijugador.<\/li>\n<\/ul>\n<\/li>\n<\/ul>\n\n\n\n<ul class=\"wp-block-list\">\n<li><strong>Interfaz web (\u00e1rea de cuenta de usuario)<\/strong>: registro, autorizaci\u00f3n, gesti\u00f3n de avatar, posiblemente comentarios mundiales.\n<ul class=\"wp-block-list\">\n<li><strong>API para transferir avatares al cliente .exe<\/strong>: aseg\u00farese de que los avatares generados se proporcionen en formatos compatibles con Unity (por ejemplo, FBX\/GLTF).<\/li>\n<\/ul>\n<\/li>\n<\/ul>\n\n\n\n<h3 class=\"wp-block-heading\"><a><\/a>3.&nbsp;&nbsp; Hoja de ruta detallada (por mes)<\/h3>\n\n\n\n<h3 class=\"wp-block-heading\"><a><\/a>febrero 2025<\/h3>\n\n\n\n<h3 class=\"wp-block-heading\">Alex (PixelDreams):<\/h3>\n\n\n\n<ul class=\"wp-block-list\">\n<li><strong>Retopolog\u00eda Texturizado e Iluminaci\u00f3n <\/strong><strong>(aproximadamente 120 a 150 horas 247 horas)<\/strong>: <s>2 rooms (Hall, Despacho).<\/s> Hall y Pasillo<ul><li>Optimizaci\u00f3n de malla.<\/li><\/ul><ul><li>Proceso de UV.<\/li><\/ul><ul><li>Proceso de crear materiales<\/li><\/ul>\n<ul class=\"wp-block-list\">\n<li>Proceso de crear luces<\/li>\n<\/ul>\n<\/li>\n\n\n\n<li><s>Dise\u00f1o UV inicial para texturas de prueba.<\/s><\/li>\n\n\n\n<li>Programaci\u00f3n: <strong>200 horas<\/strong><ul><li>Programaci\u00f3n PHP y UIX Unity<\/li><\/ul><ul><li>Programaci\u00f3n de la BBDD usando Xampp.<\/li><\/ul><ul><li>Programaci\u00f3n de la comunicaci\u00f3n entre BBDD y programa de 3D.<\/li><\/ul><ul><li>Programaci\u00f3n de los gr\u00e1ficos visuales (como los campos).<\/li><\/ul>\n<ul class=\"wp-block-list\">\n<li>Este punto conlleva X puntos:<ul><li>1.- Pantalla registro<\/li><\/ul><ul><li>2.- Pantalla login<\/li><\/ul><ul><li>3.- Pantalla error de login<\/li><\/ul><ul><li>4.- Pantalla error de registro<\/li><\/ul><ul><li>5.- Pantalla \u201cCongratulation\u201d<\/li><\/ul>\n<ul class=\"wp-block-list\">\n<li>6.- Pantalla tutorial \u201chow to move\u201d<\/li>\n<\/ul>\n<\/li>\n<\/ul>\n<\/li>\n<\/ul>\n\n\n\n<h3 class=\"wp-block-heading\">Entregables (15 (17) y 28 (3 marzo) de febrero):<\/h3>\n\n\n\n<ol class=\"wp-block-list\">\n<li><s>&nbsp;\u200b PDF con resumen de horas trabajadas.<\/s><\/li>\n\n\n\n<li><s>&nbsp;\u200b Capturas de pantalla de modelos 3D.<\/s><\/li>\n\n\n\n<li><s>&nbsp;\u200b Anteproyecto de montaje (escena Hall en Unity).<\/s>\n<ol class=\"wp-block-list\">\n<li>Se entreg\u00f3 como extra sin incluir en la planificaci\u00f3n para una mayor visualizaci\u00f3n<\/li>\n<\/ol>\n<\/li>\n\n\n\n<li>Entregable:<ol><li>1 pdf con las horas holded<\/li><\/ol><ol><li>5 capturas de pantalla del programa de 3D del espacio y objetos<\/li><\/ol>\n<ol class=\"wp-block-list\">\n<li>1 v\u00eddeo del funcionamiento de la tabla de filtro<\/li>\n<\/ol>\n<\/li>\n<\/ol>\n\n\n\n<h3 class=\"wp-block-heading\">Vitaly (Promo Digital):<\/h3>\n\n\n\n<ul class=\"wp-block-list\">\n<li><strong>Configuraci\u00f3n de la arquitectura del servidor (80 a 100 horas)<\/strong>: microservicios, base de datos, Docker\/Kubernetes.<\/li>\n\n\n\n<li>Tareas de integraci\u00f3n de avatar para Unity (carga y visualizaci\u00f3n). Desarrollar un mecanismo para transferir avatares a Unity a trav\u00e9s de API.<\/li>\n\n\n\n<li><strong>Prototipo de f\u00e1brica de avatares<\/strong>: 1 foto \u2192 ~85% de realismo.<\/li>\n\n\n\n<li><strong>Interfaz Web<\/strong>: borrador de p\u00e1gina de registro\/inicio de sesi\u00f3n.<\/li>\n<\/ul>\n\n\n\n<h3 class=\"wp-block-heading\">\u25cf&nbsp;&nbsp;&nbsp;&nbsp;&nbsp;&nbsp;&nbsp;&nbsp;&nbsp;&nbsp;&nbsp;&nbsp;&nbsp; API para transferir avatares al cliente .exe.<\/h3>\n\n\n\n<p><strong>Entregables<\/strong>:<\/p>\n\n\n\n<ol class=\"wp-block-list\">\n<li>API de prueba para la generaci\u00f3n de avatares.<\/li>\n\n\n\n<li>Informe sobre la configuraci\u00f3n del servicio del servidor.<\/li>\n\n\n\n<li>Formulario de inicio de sesi\u00f3n en funcionamiento (web).<\/li>\n<\/ol>\n\n\n\n<h3 class=\"wp-block-heading\"><a><\/a>marzo 2025<\/h3>\n\n\n\n<h3 class=\"wp-block-heading\">Alex (PixelDreams):<\/h3>\n\n\n\n<ul class=\"wp-block-list\">\n<li><s>Configuraci\u00f3n de renderizado de avatar en Unity: carga y visualizaci\u00f3n correcta en el<\/s><s>mundo virtual.<\/s><ul><li>Este punto no est\u00e1 contemplado por parte de Pixeldreams, deber\u00e1 integrarlo Vitaly.<\/li><\/ul><ul><li><strong>Retopolog\u00eda <\/strong><strong>Texturizado e Iluminaci\u00f3n <\/strong>(<s>Sal\u00f3n, <\/s>Despacho <s>+ 1 sala m\u00e1s<\/s>) (<s>150\u2013180<\/s> horas <strong>247 horas<\/strong>).<ul><li>Optimizaci\u00f3n de malla.<\/li><\/ul><ul><li>Proceso de UV.<\/li><\/ul><ul><li>Proceso de crear materiales<\/li><\/ul><ul><li>Proceso de crear luces<\/li><\/ul><\/li><\/ul><ul><li><s>Dise\u00f1o UV inicial para texturas de prueba.<\/s><\/li><\/ul><ul><li>Programaci\u00f3n: <strong>200 horas<\/strong><ul><li>Programaci\u00f3n PHP y UIX Unity<ul><li>Desarrollo de una tabla visual para el usuario usando con las salas existentes y con un buscador que permite filtrar la b\u00fasqueda con etiquetas predefinidas.<\/li><\/ul><ul><li>Implementaci\u00f3n de los objetos 3D y la programaci\u00f3n para poder cambiar objetos<\/li><\/ul><ul><li>Programaci\u00f3n del desplazamiento y rotaci\u00f3n de los objetos en la escena.<\/li><\/ul><ul><li>Programaci\u00f3n de los controles para el desplazamiento del usuario.<\/li><\/ul><\/li><\/ul><\/li><\/ul>\n<ul class=\"wp-block-list\">\n<li><s>Configuraci\u00f3n de Unity: importar modelos iniciales, configurar materiales.<\/s><\/li>\n<\/ul>\n<\/li>\n<\/ul>\n\n\n\n<h3 class=\"wp-block-heading\">Entregables (15 (17) y 31 de marzo):<\/h3>\n\n\n\n<ol class=\"wp-block-list\">\n<li><s>&nbsp;\u200b Pruebe .exe con 2 o 3 escenas (sin funciones de interfaz de usuario completas).<\/s><\/li>\n\n\n\n<li><s>&nbsp;\u200b V\u00eddeo demostrativo de iluminaci\u00f3n y materiales.<\/s><\/li>\n\n\n\n<li>Entregable:\n<ol class=\"wp-block-list\">\n<li>1 pdf con las horas holded<\/li>\n<\/ol>\n<\/li>\n<\/ol>\n\n\n\n<ul class=\"wp-block-list\">\n<li>5 capturas de pantalla del programa de 3D del espacio y objetos\n<ul class=\"wp-block-list\">\n<li>1 v\u00eddeo del funcionamiento de la tabla de filtro<\/li>\n<\/ul>\n<\/li>\n<\/ul>\n\n\n\n<h3 class=\"wp-block-heading\">Vitaly (Promo Digital):<\/h3>\n\n\n\n<ul class=\"wp-block-list\">\n<li><strong>Mejorando la f\u00e1brica de avatares<\/strong>: 2-3 fotograf\u00edas (90-95% de realismo).<\/li>\n\n\n\n<li><strong>Funciones sociales<\/strong>: chat de texto b\u00e1sico vinculado a una identificaci\u00f3n de usuario (60 a 80 horas).<\/li>\n\n\n\n<li><strong>Interfaz Web<\/strong>: \u00e1rea de cuenta de usuario, visualizaci\u00f3n de avatar (vista previa webGL).<\/li>\n<\/ul>\n\n\n\n<h3 class=\"wp-block-heading\">Entregables:<\/h3>\n\n\n\n<ol class=\"wp-block-list\">\n<li>API de avatar (2 o 3 fotos).<\/li>\n\n\n\n<li>Chat de prueba (web).<\/li>\n\n\n\n<li>Informe en PDF de horas y avances.<\/li>\n<\/ol>\n\n\n\n<h3 class=\"wp-block-heading\"><a><\/a>abril 2025<\/h3>\n\n\n\n<h3 class=\"wp-block-heading\">Alex (PixelDreams):<\/h3>\n\n\n\n<ul class=\"wp-block-list\">\n<li><strong>Retopolog\u00eda Texturizado e Iluminaci\u00f3n <\/strong>(habitaci\u00f3n) ( <strong>247 horas<\/strong>).<ul><li>Optimizaci\u00f3n de malla.<\/li><\/ul><ul><li>Proceso de UV.<\/li><\/ul><ul><li>Proceso de crear materiales<\/li><\/ul><ul><li>Proceso de crear luces<\/li><\/ul><ul><li><strong><s>Integraci\u00f3n de Avatar en el Cliente .exe (Unity)<\/s><\/strong><s>: garantiza la visualizaci\u00f3n y la<\/s> <s>interacci\u00f3n correctas en tiempo real de los avatares. Desarrollar un mecanismo de<\/s> <s>sincronizaci\u00f3n de avatar (en colaboraci\u00f3n con Promo Digital).<\/s><\/li><\/ul><ul><li><strong><s>UI (arrastrar y soltar)<\/s><\/strong><s>: programaci\u00f3n del men\u00fa de selecci\u00f3n de objetos, movimiento,<\/s> <s>borrado (150 horas).<\/s><\/li><\/ul><ul><li>Programaci\u00f3n: <strong>200 horas<\/strong><ul><li>Programaci\u00f3n Unity drag&amp;drop:<\/li><\/ul><ul><li>Programaci\u00f3n del panel lateral con peque\u00f1as miniaturas de los objetos (que se ir\u00e1n incorporando durante el proceso) simulando la tienda (sistema de compras).<\/li><\/ul><ul><li>Programaci\u00f3n de la interfaz para convertir el click del rat\u00f3n en el men\u00fa lateral que es 2D al entorno que es 3D.<\/li><\/ul><ul><li>Creaci\u00f3n de la GUI de este punto.<\/li><\/ul><ul><li>Conexi\u00f3n con la BBDD de Xampp (local)<\/li><\/ul><ul><li>programaci\u00f3n para que el men\u00fa sea \u201cscrollable\u201d.<\/li><\/ul><\/li><\/ul>\n<ul class=\"wp-block-list\">\n<li><s>Agregue 1 o 2 habitaciones m\u00e1s y complete la retopolog\u00eda.<\/s><\/li>\n<\/ul>\n<\/li>\n<\/ul>\n\n\n\n<h3 class=\"wp-block-heading\">Entregables (15 (14) y 30 de abril):<\/h3>\n\n\n\n<ol class=\"wp-block-list\">\n<li><s>&nbsp;\u200b .exe con funci\u00f3n de arrastrar y soltar.<\/s><\/li>\n\n\n\n<li><s>&nbsp;\u200b Capturas de pantalla de la interfaz de usuario.<\/s><\/li>\n<\/ol>\n\n\n\n<ul class=\"wp-block-list\">\n<li><s>&nbsp;\u200b V\u00eddeo corto (captura de pantalla) que muestra a un usuario cambiando objetos.<\/s><\/li>\n\n\n\n<li>Entregable:<ul><li>1 pdf con las horas holded<\/li><\/ul><ul><li>5 capturas de pantalla del programa de 3D del espacio y objetos<\/li><\/ul>\n<ul class=\"wp-block-list\">\n<li>1 v\u00eddeo del funcionamiento de la tabla de filtro<\/li>\n<\/ul>\n<\/li>\n<\/ul>\n\n\n\n<h3 class=\"wp-block-heading\">Vitaly (Promo Digital):<\/h3>\n\n\n\n<ul class=\"wp-block-list\">\n<li><strong>Chat de voz <\/strong>(o finalizar el chat de texto): mejoras en el lado del servidor.<\/li>\n\n\n\n<li><strong>avatares<\/strong>: aumenta el realismo (hasta un 98%), optimiza el rendimiento (10 a 30 segundos).<\/li>\n\n\n\n<li><strong>Interfaz Web<\/strong>: configuraci\u00f3n de usuario avanzada, posiblemente un sistema de comentarios para mundos.<\/li>\n<\/ul>\n\n\n\n<h3 class=\"wp-block-heading\">Entregables:<\/h3>\n\n\n\n<ol class=\"wp-block-list\">\n<li>Chat de voz en funcionamiento (prueba).<\/li>\n\n\n\n<li>Versi\u00f3n estable de generaci\u00f3n de avatar (3 fotos).<\/li>\n\n\n\n<li>Informe en PDF.<\/li>\n<\/ol>\n\n\n\n<h3 class=\"wp-block-heading\"><a><\/a>mayo 2025<\/h3>\n\n\n\n<h3 class=\"wp-block-heading\">Alex (PixelDreams):<\/h3>\n\n\n\n<ul class=\"wp-block-list\">\n<li><strong><s>Optimizaci\u00f3n (.exe) <\/s><\/strong><s>y montaje final del mundo showcase + f\u00e1brica del mundo<\/s><s>b\u00e1sico (hasta 120 horas).<\/s><ul><li><s>Pruebas de arrastrar y soltar, interfaz de usuario y correcciones de errores menores.<\/s><\/li><\/ul><ul><li><s>Se requiere integraci\u00f3n del servidor para el modo multijugador.<\/s><\/li><\/ul>\n<ul class=\"wp-block-list\">\n<li><strong>Retopolog\u00eda Texturizado e Iluminaci\u00f3n <\/strong>(Restaurante) ( <strong>247 horas<\/strong>).<ul><li>Optimizaci\u00f3n de malla.<\/li><\/ul><ul><li>Proceso de UV.<\/li><\/ul><ul><li>Proceso de crear materiales<\/li><\/ul>\n<ul class=\"wp-block-list\">\n<li>Proceso de crear luces<\/li>\n<\/ul>\n<\/li>\n<\/ul>\n<\/li>\n<\/ul>\n\n\n\n<h3 class=\"wp-block-heading\">Entregables (15 (19) y 31 (2 junio) de mayo):<\/h3>\n\n\n\n<ol class=\"wp-block-list\">\n<li><s>&nbsp;\u200b .exe pre-final.<\/s><\/li>\n\n\n\n<li><s>&nbsp;\u200b Informe de horas trabajadas.<\/s><\/li>\n\n\n\n<li><s>&nbsp;\u200b Demostraci\u00f3n breve en v\u00eddeo.<\/s><\/li>\n\n\n\n<li>Entregable:<ol><li>1 pdf con las horas holded<\/li><\/ol><ol><li>5 capturas de pantalla del programa de 3D del espacio y objetos<\/li><\/ol>\n<ol class=\"wp-block-list\">\n<li>1 v\u00eddeo del funcionamiento de la tabla de filtro<\/li>\n<\/ol>\n<\/li>\n<\/ol>\n\n\n\n<h3 class=\"wp-block-heading\">Vitaly (Promo Digital):<\/h3>\n\n\n\n<ul class=\"wp-block-list\">\n<li>Mejora de las funciones sociales: versi\u00f3n estable del chat de voz\/texto, comentarios.<\/li>\n<\/ul>\n\n\n\n<ul class=\"wp-block-list\">\n<li><strong>Interfaz Web<\/strong>: \u00e1rea de cuenta de usuario.<\/li>\n\n\n\n<li>Recopilaci\u00f3n de an\u00e1lisis (agregando herramientas de seguimiento).<\/li>\n<\/ul>\n\n\n\n<h3 class=\"wp-block-heading\">Entregables:<\/h3>\n\n\n\n<ol class=\"wp-block-list\">\n<li>Charla estable.<\/li>\n\n\n\n<li>Interfaz web para ver avatares\/mundos.<\/li>\n\n\n\n<li>Informe en PDF, que incluye muestras de m\u00e9tricas recopiladas.<\/li>\n<\/ol>\n\n\n\n<h3 class=\"wp-block-heading\"><a><\/a>Junio de 2025: finalizaci\u00f3n del MVP<\/h3>\n\n\n\n<p><strong>Tareas clave<\/strong>: pruebas, recopilaci\u00f3n de an\u00e1lisis (retenci\u00f3n, finalizaci\u00f3n de acciones clave, comentarios).<\/p>\n\n\n\n<h3 class=\"wp-block-heading\">Funcionalidad:<\/h3>\n\n\n\n<ul class=\"wp-block-list\">\n<li>Cliente .exe (mundo escaparate + f\u00e1brica mundial). (Pixeldreams)<ul><li>Servidor (f\u00e1brica de avatares, funciones sociales). (Vitaly)<\/li><\/ul>\n<ul class=\"wp-block-list\">\n<li>Interfaz web (\u00e1rea de cuenta de usuario, chat, comentarios).(Vitaly)<\/li>\n<\/ul>\n<\/li>\n<\/ul>\n\n\n\n<p><strong>Demostraci\u00f3n<\/strong>: para usuarios iniciales y potencialmente para inversores.(Vitaly) <strong>M\u00e9trica<\/strong>: re\u00fana al menos 300 usuarios, mida el porcentaje que completa acciones clave (avatar\/configuraci\u00f3n mundial). (Vitaly)<\/p>\n\n\n\n<h3 class=\"wp-block-heading\"><a><\/a>4.&nbsp;&nbsp; Supervisi\u00f3n y Gesti\u00f3n<\/h3>\n\n\n\n<ul class=\"wp-block-list\">\n<li>Informes cada 2 semanas (total de 8 sprints de febrero a mayo).<ul><li><strong>Herramientas<\/strong>: cada equipo aporta<ul><li>PDF\/Excel con horas registradas<\/li><\/ul><ul><li>Enlaces a demostraciones\/capturas de pantalla<\/li><\/ul><\/li><\/ul>\n<ul class=\"wp-block-list\">\n<li>Lazar Shaulov comprueba el cumplimiento del plan y da su opini\u00f3n.<\/li>\n<\/ul>\n<\/li>\n<\/ul>\n\n\n\n<p><strong>Cambios<\/strong>: si surge una nueva tarea (por ejemplo, soporte de AR), se pospone m\u00e1s all\u00e1 del alcance de MVP o se discuten horas y plazos adicionales.<\/p>\n\n\n\n<h3 class=\"wp-block-heading\"><a><\/a>5.&nbsp;&nbsp; Alineaci\u00f3n con objetivos y criterios<\/h3>\n\n\n\n<ul class=\"wp-block-list\">\n<li><strong>Creaci\u00f3n de avatar (Objetivo 2.1)<\/strong>: cubierto en las etapas de Vitaly: 85\u201398% de realismo, generaci\u00f3n de 10 a 30 segundos.<ul><li><strong>Creaci\u00f3n del mundo (2.2)<\/strong>: arrastrar y soltar, configuraci\u00f3n de objetos (Alex).<\/li><\/ul>\n<ul class=\"wp-block-list\">\n<li><strong>Funciones sociales (2.3)<\/strong>: chat (texto\/voz), comentarios (Vitaly), capacidad de visitar los mundos de otros usuarios si se necesita integraci\u00f3n.(Vitaly)<\/li>\n<\/ul>\n<\/li>\n<\/ul>\n\n\n\n<ul class=\"wp-block-list\">\n<li><strong>Anal\u00edtica<\/strong>: crucial para implementar el seguimiento de acciones clave (vinculadas a objetivos comerciales: 300 usuarios, 50% de finalizaci\u00f3n de acciones, 30% de retenci\u00f3n, etc.).(Vitaly)<ul><li><strong>Seguridad\/RGPD<\/strong>: lado del servidor (Vitaly), el .exe simplemente transmite datos.<\/li><\/ul>\n<ul class=\"wp-block-list\">\n<li><strong>Pruebas<\/strong>: pruebas de carga (hasta 1000 usuarios; no necesariamente todos en el MVP, pero tienen el mecanismo implementado), pruebas automatizadas. (Vitaly)<\/li>\n<\/ul>\n<\/li>\n<\/ul>\n\n\n\n<h3 class=\"wp-block-heading\"><a><\/a>6.&nbsp;&nbsp; Resumen<\/h3>\n\n\n\n<p>De acuerdo con los objetivos establecidos y los criterios de \u00e9xito (ver documento), esta hoja de ruta:<\/p>\n\n\n\n<ul class=\"wp-block-list\">\n<li>Prev\u00e9 la implementaci\u00f3n de una f\u00e1brica de avatares, un mundo de exhibici\u00f3n con personalizaci\u00f3n y caracter\u00edsticas sociales. (Vitaly)<ul><li>Incorpora m\u00e9tricas (actividad del usuario, recopilaci\u00f3n de an\u00e1lisis) y preparaci\u00f3n para demostraciones de inversores (ver Objetivos en 1.2).(Vitaly)<\/li><\/ul><ul><li>Divide el trabajo en 4 a 5 meses (febrero a junio de 2025) con informes de progreso peri\u00f3dicos.<\/li><\/ul>\n<ul class=\"wp-block-list\">\n<li>Tras el acuerdo, este documento solidifica formalmente (1) \u00e1reas de responsabilidad,<\/li>\n<\/ul>\n<\/li>\n<\/ul>\n\n\n\n<p>(2) etapas, (3) entregables, (4) criterios de aceptaci\u00f3n y (5) la fecha l\u00edmite final (1 (2) de junio de 2025).<\/p>\n\n\n\n<div class=\"post-revisions\"><h2>Revisions History<\/h2><ul><li><a href=\"https:\/\/seoma.com\/es\/documentos\/20250212_seoma-mvp-master-plan-february-june-2025_esp\/?revision_id=13059\">marzo 5, 2025 - Revision #13059<\/a><\/li><\/ul><\/div>\n","protected":false},"excerpt":{"rendered":"<p>Plan Maestro SEOMA MVP (febrero \u2013 junio 2025) Toda la informaci\u00f3n debe respetar (y prevalece antes que este documento) los siguientes documentos: 1.&nbsp;&nbsp; Introducci\u00f3n: Metas y objetivos de MVP 1.1.&nbsp; Objetivos comerciales generales &nbsp;&nbsp;&nbsp;&nbsp;&nbsp;&nbsp;&nbsp;&nbsp;&nbsp;&nbsp;&nbsp; Prueba de concepto: &nbsp;&nbsp;&nbsp;&nbsp;&nbsp;&nbsp;&nbsp;&nbsp;&nbsp;&nbsp;&nbsp;&nbsp; Preparaci\u00f3n para la divulgaci\u00f3n a los inversores: 1.2.&nbsp; Objetivos del usuario 1.3.&nbsp; Objetivos t\u00e9cnicos 1.4.&nbsp; Entregables antes &hellip; <a href=\"https:\/\/seoma.com\/es\/documentos\/20250212_seoma-mvp-master-plan-february-june-2025_esp\/\" class=\"more-link\">Continue reading <span class=\"screen-reader-text\">20250212_SEOMA MVP Master Plan (February \u2013 June 2025)_ESP<\/span><\/a><\/p>\n","protected":false},"author":1,"featured_media":0,"parent":13069,"menu_order":0,"comment_status":"open","ping_status":"closed","template":"","meta":{"_acf_changed":false,"om_disable_all_campaigns":false,"_monsterinsights_skip_tracking":false,"_monsterinsights_sitenote_active":false,"_monsterinsights_sitenote_note":"","_monsterinsights_sitenote_category":0,"_uf_show_specific_survey":0,"_uf_disable_surveys":false,"footnotes":""},"class_list":["post-13058","page","type-page","status-publish","hentry"],"acf":[],"aioseo_notices":[],"_links":{"self":[{"href":"https:\/\/seoma.com\/es\/wp-json\/wp\/v2\/pages\/13058","targetHints":{"allow":["GET"]}}],"collection":[{"href":"https:\/\/seoma.com\/es\/wp-json\/wp\/v2\/pages"}],"about":[{"href":"https:\/\/seoma.com\/es\/wp-json\/wp\/v2\/types\/page"}],"author":[{"embeddable":true,"href":"https:\/\/seoma.com\/es\/wp-json\/wp\/v2\/users\/1"}],"replies":[{"embeddable":true,"href":"https:\/\/seoma.com\/es\/wp-json\/wp\/v2\/comments?post=13058"}],"version-history":[{"count":1,"href":"https:\/\/seoma.com\/es\/wp-json\/wp\/v2\/pages\/13058\/revisions"}],"predecessor-version":[{"id":13059,"href":"https:\/\/seoma.com\/es\/wp-json\/wp\/v2\/pages\/13058\/revisions\/13059"}],"up":[{"embeddable":true,"href":"https:\/\/seoma.com\/es\/wp-json\/wp\/v2\/pages\/13069"}],"wp:attachment":[{"href":"https:\/\/seoma.com\/es\/wp-json\/wp\/v2\/media?parent=13058"}],"curies":[{"name":"wp","href":"https:\/\/api.w.org\/{rel}","templated":true}]}}