{"id":11734,"date":"2021-11-01T05:35:34","date_gmt":"2021-11-01T05:35:34","guid":{"rendered":"http:\/\/bonobo.vdinte.beget.tech\/grille-de-blogs\/"},"modified":"2024-11-29T08:16:47","modified_gmt":"2024-11-29T08:16:47","slug":"grille-de-blogs","status":"publish","type":"page","link":"https:\/\/seoma.com\/fr\/grille-de-blogs\/","title":{"rendered":"Grille de blogs"},"content":{"rendered":"\t\t<div data-elementor-type=\"wp-page\" data-elementor-id=\"11734\" class=\"elementor elementor-11734 elementor-9730\" data-elementor-post-type=\"page\">\n\t\t\t\t\t\t<section class=\"elementor-section elementor-top-section elementor-element elementor-element-11f5269 tm-column-break-ipad-no tm-col-stretched-none elementor-section-boxed elementor-section-height-default elementor-section-height-default\" data-id=\"11f5269\" data-element_type=\"section\" data-e-type=\"section\">\n\t\t\t\t\t\t<div class=\"elementor-container elementor-column-gap-default\">\n\t\t\t\t\t<div class=\"elementor-column elementor-col-100 elementor-top-column elementor-element elementor-element-17d3f90\" data-id=\"17d3f90\" data-element_type=\"column\" data-e-type=\"column\">\n\t\t\t<div class=\"elementor-widget-wrap elementor-element-populated\">\n\t\t\t\t\t\t<div class=\"elementor-element elementor-element-1ed6ee3 tm-align-left elementor-widget elementor-widget-tm_blog_element\" data-id=\"1ed6ee3\" data-element_type=\"widget\" data-e-type=\"widget\" data-widget_type=\"tm_blog_element.default\">\n\t\t\t\t<div class=\"elementor-widget-container\">\n\t\t\t\t\t<div class=\"themetechmount-boxes themetechmount-boxes-blog themetechmount-element-blogbox-style3 themetechmount-boxes-view-default themetechmount-boxes-col-three themetechmount-boxes-gap-30px\" data-tm-show=\"6\" data-tm-loop=\"1\" data-tm-autoplay=\"0\" data-tm-centermode=\"0\" data-tm-nav=\"\" data-tm-dots=\"\" data-tm-slidestoscroll=\"\" data-tm-autoplayspeed=\"4500\" data-tm-margin=\"30px\"><div class=\"themetechmount-boxes-inner\">\n\t\t\t<div class=\"themetechmount-box-heading-wrapper tm-boxwithout-heading\">\n\t\t\t\t<div class=\"tm-element-heading-content-wrapper left-align  tm-seperator-none  tm-heading-style-vertical \"><div class=\"tm-content-header\"><\/div><\/div>\t\t\t\t\t\t\t<\/div>\n\n\t\t\t<div class=\"themetechmount-boxes-row-wrapper row multi-columns-row\">\n\n\t\t\t<div class=\"tm-box-col-wrapper  non-classifiee col-lg-4 col-sm-6 col-md-4 col-xs-12\"><article class=\"themetechmount-box themetechmount-box-blog themetechmount-blogbox-stylethree themetechmount-blogbox-format- \">\n\t<div class=\"post-item\">\n\t\t<div class=\"themetechmount-box-content\">\n\t\t\t\n\t\t\t<div class=\"tm-featured-outer-wrapper tm-post-featured-outer-wrapper\">\n\t\t\t\t<div class=\"tm-featured-wrapper tm-post-featured-wrapper tm-post-format-\"><a href=\"https:\/\/seoma.com\/fr\/seoma-capsule\/\"><img fetchpriority=\"high\" decoding=\"async\" width=\"510\" height=\"510\" src=\"https:\/\/seoma.com\/wp-content\/uploads\/2025\/05\/ChatGPT-Image-May-29-2025-04_26_27-PM-510x510.png\" class=\"attachment-themetechmount-img-blog-top size-themetechmount-img-blog-top wp-post-image\" alt=\"\" srcset=\"https:\/\/seoma.com\/wp-content\/uploads\/2025\/05\/ChatGPT-Image-May-29-2025-04_26_27-PM-510x510.png 510w, https:\/\/seoma.com\/wp-content\/uploads\/2025\/05\/ChatGPT-Image-May-29-2025-04_26_27-PM-300x300.png 300w, https:\/\/seoma.com\/wp-content\/uploads\/2025\/05\/ChatGPT-Image-May-29-2025-04_26_27-PM-150x150.png 150w, https:\/\/seoma.com\/wp-content\/uploads\/2025\/05\/ChatGPT-Image-May-29-2025-04_26_27-PM-768x768.png 768w, https:\/\/seoma.com\/wp-content\/uploads\/2025\/05\/ChatGPT-Image-May-29-2025-04_26_27-PM.png 1024w\" sizes=\"(max-width: 510px) 100vw, 510px\" data-id=\"13413\" \/><\/a><\/div>\t\t\t\n\t\t\t\t\t<a class=\"tmmpost-link\" href=\"https:\/\/seoma.com\/fr\/seoma-capsule\/\" rel=\"bookmark\"><i class=\"tm-wilddale-icon-plus-1\"><\/i><\/a>\n\t\t\t\n\t\t\t<\/div>\t\n\t\t\t\n\t\t\t<div class=\"themetechmount-box-desc\">\n\t\t\t\t<div class=\"tm-blog-post-cat\">\n\t\t\t\t\t\t\t\t\t\t\t<span class=\"tm-meta-line cat-links\"><span class=\"screen-reader-text tm-hide\">Categories <\/span><a href=\"https:\/\/seoma.com\/fr\/category\/non-classifiee\/\" rel=\"category tag\">Non classifi\u00e9(e)<\/a><\/span>\n\t\t\t\t\t\t\t\t\t<\/div>\n\t\t\t\t<div class=\"entry-header\">\n\t\t\t\t\t<div class=\"tm-entry-meta-wrapper\"><div class=\"entry-meta tm-entry-meta tm-entry-meta-blogbox\"><span class=\"tm-meta-line byline\"><i class=\"fa fa-user tm-hide\"><\/i><img alt='' src='https:\/\/seoma.com\/wp-content\/uploads\/avatars\/1\/1748012052-bpthumb.png' srcset='https:\/\/seoma.com\/wp-content\/uploads\/avatars\/1\/1748012052-bpfull.png 2x' class='avatar avatar-32 photo' height='32' width='32' \/><span class=\"author vcard\"><span class=\"screen-reader-text cmt-hide\">Author <\/span><a class=\"url fn n\" href=\"https:\/\/seoma.com\/fr\/author\/admin_bonobo\/\">seoma<\/a><\/span><\/span><span class=\"tm-meta-line posted-on\"><i class=\"tm-wilddale-icon-calendar-outlilne\"><\/i> <span class=\"screen-reader-text tm-hide\">Posted on <\/span><a href=\"https:\/\/seoma.com\/fr\/seoma-capsule\/\" rel=\"bookmark\"><span class=\"entry-date published\">mai 29, 2025<\/span><span class=\"updated tm-hide\">mai 29, 2025<\/span><\/a><\/span><span class=\"tm-meta-line comments-link\"><i class=\"tm-wilddale-icon-comment-1\"><\/i> <a href=\"https:\/\/seoma.com\/fr\/seoma-capsule\/#respond\">0 Comments<\/a><\/span><\/div><\/div>\t\t\t\t\t<div class=\"themetechmount-box-title\"><h4><a href=\"https:\/\/seoma.com\/fr\/seoma-capsule\/\">SEOMA Capsule<\/a><\/h4><\/div>\t\t\t\t\t<div class=\"themetechmount-box-desc-text\">A letter that comes alive in your hands How everything looks on 1 October...<\/div>\t\t\n\t\t\t\t\t<div class=\"themetechmount-blogbox-desc-footer themetechmount-blogbox-footer-readmore\">\n\t\t\t\t\t\t<div class=\"themetechmount-blogbox-footer-left themetechmount-wrap-cell\"><a href=\"https:\/\/seoma.com\/fr\/seoma-capsule\/\">Read More +<\/a><\/div>\t\t\t\t\t<\/div>\t\t\t\n\t\t\t\t<\/div>\n\t\t\t\t\n\n\t\t\t<\/div>\n        <\/div>\n\t<\/div>\n<\/article><\/div><div class=\"tm-box-col-wrapper  non-classifiee col-lg-4 col-sm-6 col-md-4 col-xs-12\"><article class=\"themetechmount-box themetechmount-box-blog themetechmount-blogbox-stylethree themetechmount-blogbox-format- \">\n\t<div class=\"post-item\">\n\t\t<div class=\"themetechmount-box-content\">\n\t\t\t\n\t\t\t<div class=\"tm-featured-outer-wrapper tm-post-featured-outer-wrapper\">\n\t\t\t\t<div class=\"tm-featured-wrapper tm-post-featured-wrapper tm-post-format-\"><a href=\"https:\/\/seoma.com\/fr\/la-structure-sociale-et-les-liens-familiaux-des-bonobos\/\"><img decoding=\"async\" width=\"650\" height=\"371\" src=\"https:\/\/seoma.com\/wp-content\/uploads\/2021\/10\/DALL\u00b7E-2024-10-29-20.26.05-A-vibrant-virtual-world-with-unique-landscapes-featuring-floating-islands-futuristic-buildings-and-lush-greenery.-Avatars-of-various-styles-are-inte-650x371.webp\" class=\"attachment-themetechmount-img-blog-top size-themetechmount-img-blog-top wp-post-image\" alt=\"\" srcset=\"https:\/\/seoma.com\/wp-content\/uploads\/2021\/10\/DALL\u00b7E-2024-10-29-20.26.05-A-vibrant-virtual-world-with-unique-landscapes-featuring-floating-islands-futuristic-buildings-and-lush-greenery.-Avatars-of-various-styles-are-inte-650x371.webp 650w, https:\/\/seoma.com\/wp-content\/uploads\/2021\/10\/DALL\u00b7E-2024-10-29-20.26.05-A-vibrant-virtual-world-with-unique-landscapes-featuring-floating-islands-futuristic-buildings-and-lush-greenery.-Avatars-of-various-styles-are-inte-300x171.webp 300w, https:\/\/seoma.com\/wp-content\/uploads\/2021\/10\/DALL\u00b7E-2024-10-29-20.26.05-A-vibrant-virtual-world-with-unique-landscapes-featuring-floating-islands-futuristic-buildings-and-lush-greenery.-Avatars-of-various-styles-are-inte-1024x585.webp 1024w, https:\/\/seoma.com\/wp-content\/uploads\/2021\/10\/DALL\u00b7E-2024-10-29-20.26.05-A-vibrant-virtual-world-with-unique-landscapes-featuring-floating-islands-futuristic-buildings-and-lush-greenery.-Avatars-of-various-styles-are-inte-768x439.webp 768w, https:\/\/seoma.com\/wp-content\/uploads\/2021\/10\/DALL\u00b7E-2024-10-29-20.26.05-A-vibrant-virtual-world-with-unique-landscapes-featuring-floating-islands-futuristic-buildings-and-lush-greenery.-Avatars-of-various-styles-are-inte-1536x878.webp 1536w, https:\/\/seoma.com\/wp-content\/uploads\/2021\/10\/DALL\u00b7E-2024-10-29-20.26.05-A-vibrant-virtual-world-with-unique-landscapes-featuring-floating-islands-futuristic-buildings-and-lush-greenery.-Avatars-of-various-styles-are-inte-520x297.webp 520w, https:\/\/seoma.com\/wp-content\/uploads\/2021\/10\/DALL\u00b7E-2024-10-29-20.26.05-A-vibrant-virtual-world-with-unique-landscapes-featuring-floating-islands-futuristic-buildings-and-lush-greenery.-Avatars-of-various-styles-are-inte.webp 1792w\" sizes=\"(max-width: 650px) 100vw, 650px\" data-id=\"12286\" \/><\/a><\/div>\t\t\t\n\t\t\t\t\t<a class=\"tmmpost-link\" href=\"https:\/\/seoma.com\/fr\/la-structure-sociale-et-les-liens-familiaux-des-bonobos\/\" rel=\"bookmark\"><i class=\"tm-wilddale-icon-plus-1\"><\/i><\/a>\n\t\t\t\n\t\t\t<\/div>\t\n\t\t\t\n\t\t\t<div class=\"themetechmount-box-desc\">\n\t\t\t\t<div class=\"tm-blog-post-cat\">\n\t\t\t\t\t\t\t\t\t\t\t<span class=\"tm-meta-line cat-links\"><span class=\"screen-reader-text tm-hide\">Categories <\/span><a href=\"https:\/\/seoma.com\/fr\/category\/non-classifiee\/\" rel=\"category tag\">Non classifi\u00e9(e)<\/a><\/span>\n\t\t\t\t\t\t\t\t\t<\/div>\n\t\t\t\t<div class=\"entry-header\">\n\t\t\t\t\t<div class=\"tm-entry-meta-wrapper\"><div class=\"entry-meta tm-entry-meta tm-entry-meta-blogbox\"><span class=\"tm-meta-line byline\"><i class=\"fa fa-user tm-hide\"><\/i><img alt='' src='https:\/\/seoma.com\/wp-content\/uploads\/avatars\/1\/1748012052-bpthumb.png' srcset='https:\/\/seoma.com\/wp-content\/uploads\/avatars\/1\/1748012052-bpfull.png 2x' class='avatar avatar-32 photo' height='32' width='32' \/><span class=\"author vcard\"><span class=\"screen-reader-text cmt-hide\">Author <\/span><a class=\"url fn n\" href=\"https:\/\/seoma.com\/fr\/author\/admin_bonobo\/\">seoma<\/a><\/span><\/span><span class=\"tm-meta-line posted-on\"><i class=\"tm-wilddale-icon-calendar-outlilne\"><\/i> <span class=\"screen-reader-text tm-hide\">Posted on <\/span><a href=\"https:\/\/seoma.com\/fr\/la-structure-sociale-et-les-liens-familiaux-des-bonobos\/\" rel=\"bookmark\"><span class=\"entry-date published\">octobre 16, 2024<\/span><span class=\"updated tm-hide\">novembre 1, 2024<\/span><\/a><\/span><span class=\"tm-meta-line comments-link\"><i class=\"tm-wilddale-icon-comment-1\"><\/i> <a href=\"https:\/\/seoma.com\/fr\/la-structure-sociale-et-les-liens-familiaux-des-bonobos\/#respond\">0 Comments<\/a><\/span><\/div><\/div>\t\t\t\t\t<div class=\"themetechmount-box-title\"><h4><a href=\"https:\/\/seoma.com\/fr\/la-structure-sociale-et-les-liens-familiaux-des-bonobos\/\">L&rsquo;\u00e9volution des mondes virtuels : des jeux aux \u00e9cosyst\u00e8mes sociaux<\/a><\/h4><\/div>\t\t\t\t\t<div class=\"themetechmount-box-desc-text\">Les mondes virtuels ont parcouru un long chemin depuis l'\u00e9poque des graphismes...<\/div>\t\t\n\t\t\t\t\t<div class=\"themetechmount-blogbox-desc-footer themetechmount-blogbox-footer-readmore\">\n\t\t\t\t\t\t<div class=\"themetechmount-blogbox-footer-left themetechmount-wrap-cell\"><a href=\"https:\/\/seoma.com\/fr\/la-structure-sociale-et-les-liens-familiaux-des-bonobos\/\">Read More +<\/a><\/div>\t\t\t\t\t<\/div>\t\t\t\n\t\t\t\t<\/div>\n\t\t\t\t\n\n\t\t\t<\/div>\n        <\/div>\n\t<\/div>\n<\/article><\/div><div class=\"tm-box-col-wrapper  non-classifiee col-lg-4 col-sm-6 col-md-4 col-xs-12\"><article class=\"themetechmount-box themetechmount-box-blog themetechmount-blogbox-stylethree themetechmount-blogbox-format- \">\n\t<div class=\"post-item\">\n\t\t<div class=\"themetechmount-box-content\">\n\t\t\t\n\t\t\t<div class=\"tm-featured-outer-wrapper tm-post-featured-outer-wrapper\">\n\t\t\t\t<div class=\"tm-featured-wrapper tm-post-featured-wrapper tm-post-format-\"><a href=\"https:\/\/seoma.com\/fr\/conservation-des-bonobos-defis-et-efforts-pour-proteger-une-espece-unique\/\"><img decoding=\"async\" width=\"650\" height=\"371\" src=\"https:\/\/seoma.com\/wp-content\/uploads\/2021\/10\/DALL\u00b7E-2024-10-29-20.25.52-A-futuristic-virtual-world-with-towering-structures-holographic-displays-and-bioluminescent-trees.-Avatars-of-various-styles-are-engaged-in-activiti-650x371.webp\" class=\"attachment-themetechmount-img-blog-top size-themetechmount-img-blog-top wp-post-image\" alt=\"\" srcset=\"https:\/\/seoma.com\/wp-content\/uploads\/2021\/10\/DALL\u00b7E-2024-10-29-20.25.52-A-futuristic-virtual-world-with-towering-structures-holographic-displays-and-bioluminescent-trees.-Avatars-of-various-styles-are-engaged-in-activiti-650x371.webp 650w, https:\/\/seoma.com\/wp-content\/uploads\/2021\/10\/DALL\u00b7E-2024-10-29-20.25.52-A-futuristic-virtual-world-with-towering-structures-holographic-displays-and-bioluminescent-trees.-Avatars-of-various-styles-are-engaged-in-activiti-300x171.webp 300w, https:\/\/seoma.com\/wp-content\/uploads\/2021\/10\/DALL\u00b7E-2024-10-29-20.25.52-A-futuristic-virtual-world-with-towering-structures-holographic-displays-and-bioluminescent-trees.-Avatars-of-various-styles-are-engaged-in-activiti-1024x585.webp 1024w, https:\/\/seoma.com\/wp-content\/uploads\/2021\/10\/DALL\u00b7E-2024-10-29-20.25.52-A-futuristic-virtual-world-with-towering-structures-holographic-displays-and-bioluminescent-trees.-Avatars-of-various-styles-are-engaged-in-activiti-768x439.webp 768w, https:\/\/seoma.com\/wp-content\/uploads\/2021\/10\/DALL\u00b7E-2024-10-29-20.25.52-A-futuristic-virtual-world-with-towering-structures-holographic-displays-and-bioluminescent-trees.-Avatars-of-various-styles-are-engaged-in-activiti-1536x878.webp 1536w, https:\/\/seoma.com\/wp-content\/uploads\/2021\/10\/DALL\u00b7E-2024-10-29-20.25.52-A-futuristic-virtual-world-with-towering-structures-holographic-displays-and-bioluminescent-trees.-Avatars-of-various-styles-are-engaged-in-activiti-520x297.webp 520w, https:\/\/seoma.com\/wp-content\/uploads\/2021\/10\/DALL\u00b7E-2024-10-29-20.25.52-A-futuristic-virtual-world-with-towering-structures-holographic-displays-and-bioluminescent-trees.-Avatars-of-various-styles-are-engaged-in-activiti.webp 1792w\" sizes=\"(max-width: 650px) 100vw, 650px\" data-id=\"12304\" \/><\/a><\/div>\t\t\t\n\t\t\t\t\t<a class=\"tmmpost-link\" href=\"https:\/\/seoma.com\/fr\/conservation-des-bonobos-defis-et-efforts-pour-proteger-une-espece-unique\/\" rel=\"bookmark\"><i class=\"tm-wilddale-icon-plus-1\"><\/i><\/a>\n\t\t\t\n\t\t\t<\/div>\t\n\t\t\t\n\t\t\t<div class=\"themetechmount-box-desc\">\n\t\t\t\t<div class=\"tm-blog-post-cat\">\n\t\t\t\t\t\t\t\t\t\t\t<span class=\"tm-meta-line cat-links\"><span class=\"screen-reader-text tm-hide\">Categories <\/span><a href=\"https:\/\/seoma.com\/fr\/category\/non-classifiee\/\" rel=\"category tag\">Non classifi\u00e9(e)<\/a><\/span>\n\t\t\t\t\t\t\t\t\t<\/div>\n\t\t\t\t<div class=\"entry-header\">\n\t\t\t\t\t<div class=\"tm-entry-meta-wrapper\"><div class=\"entry-meta tm-entry-meta tm-entry-meta-blogbox\"><span class=\"tm-meta-line byline\"><i class=\"fa fa-user tm-hide\"><\/i><img alt='' src='https:\/\/seoma.com\/wp-content\/uploads\/avatars\/1\/1748012052-bpthumb.png' srcset='https:\/\/seoma.com\/wp-content\/uploads\/avatars\/1\/1748012052-bpfull.png 2x' class='avatar avatar-32 photo' height='32' width='32' \/><span class=\"author vcard\"><span class=\"screen-reader-text cmt-hide\">Author <\/span><a class=\"url fn n\" href=\"https:\/\/seoma.com\/fr\/author\/admin_bonobo\/\">seoma<\/a><\/span><\/span><span class=\"tm-meta-line posted-on\"><i class=\"tm-wilddale-icon-calendar-outlilne\"><\/i> <span class=\"screen-reader-text tm-hide\">Posted on <\/span><a href=\"https:\/\/seoma.com\/fr\/conservation-des-bonobos-defis-et-efforts-pour-proteger-une-espece-unique\/\" rel=\"bookmark\"><span class=\"entry-date published\">octobre 16, 2024<\/span><span class=\"updated tm-hide\">d\u00e9cembre 13, 2024<\/span><\/a><\/span><span class=\"tm-meta-line comments-link\"><i class=\"tm-wilddale-icon-comment-1\"><\/i> <a href=\"https:\/\/seoma.com\/fr\/conservation-des-bonobos-defis-et-efforts-pour-proteger-une-espece-unique\/#respond\">0 Comments<\/a><\/span><\/div><\/div>\t\t\t\t\t<div class=\"themetechmount-box-title\"><h4><a href=\"https:\/\/seoma.com\/fr\/conservation-des-bonobos-defis-et-efforts-pour-proteger-une-espece-unique\/\">Conservation des Seomas : D\u00e9fis et efforts pour prot\u00e9ger une esp\u00e8ce unique<\/a><\/h4><\/div>\t\t\t\t\t<div class=\"themetechmount-box-desc-text\">\u00c0 mesure que les mondes virtuels gagnent en complexit\u00e9 et en profondeur, ils n...<\/div>\t\t\n\t\t\t\t\t<div class=\"themetechmount-blogbox-desc-footer themetechmount-blogbox-footer-readmore\">\n\t\t\t\t\t\t<div class=\"themetechmount-blogbox-footer-left themetechmount-wrap-cell\"><a href=\"https:\/\/seoma.com\/fr\/conservation-des-bonobos-defis-et-efforts-pour-proteger-une-espece-unique\/\">Read More +<\/a><\/div>\t\t\t\t\t<\/div>\t\t\t\n\t\t\t\t<\/div>\n\t\t\t\t\n\n\t\t\t<\/div>\n        <\/div>\n\t<\/div>\n<\/article><\/div>\n\t\t\t<\/div>\n\n\t\t\t<\/div><!-- .themetechmount-boxes-inner -->   <\/div><!-- .themetechmount-boxes -->  \t\t\t\t<\/div>\n\t\t\t\t<\/div>\n\t\t\t\t\t<\/div>\n\t\t<\/div>\n\t\t\t\t\t<\/div>\n\t\t<\/section>\n\t\t\t\t<\/div>\n\t\t","protected":false},"excerpt":{"rendered":"<p>Categories Animal Zoo Author John Doe Posted on October 16, 2021October 26, 2021 0 Comments First Volunteers after Fires: BIR&#8217;s Experience These cases are perfectly simple and easy to distinguish. In a free hour, when o&#8230; Read More Categories Bird Zoo Author John Doe Posted on October 16, 2021October 26, 2021 0 Comments Everything Need &hellip; <a href=\"https:\/\/seoma.com\/fr\/conservation-des-bonobos-defis-et-efforts-pour-proteger-une-espece-unique\/\" class=\"more-link\">Continue reading <span class=\"screen-reader-text\">Conservation des Seomas : D\u00e9fis et efforts pour prot\u00e9ger une esp\u00e8ce unique<\/span><\/a><\/p>\n","protected":false},"author":1,"featured_media":0,"parent":0,"menu_order":0,"comment_status":"closed","ping_status":"closed","template":"","meta":{"_acf_changed":false,"om_disable_all_campaigns":false,"_monsterinsights_skip_tracking":false,"_monsterinsights_sitenote_active":false,"_monsterinsights_sitenote_note":"","_monsterinsights_sitenote_category":0,"_uf_show_specific_survey":0,"_uf_disable_surveys":false,"footnotes":""},"class_list":["post-11734","page","type-page","status-publish","hentry"],"acf":[],"aioseo_notices":[],"_links":{"self":[{"href":"https:\/\/seoma.com\/fr\/wp-json\/wp\/v2\/pages\/11734","targetHints":{"allow":["GET"]}}],"collection":[{"href":"https:\/\/seoma.com\/fr\/wp-json\/wp\/v2\/pages"}],"about":[{"href":"https:\/\/seoma.com\/fr\/wp-json\/wp\/v2\/types\/page"}],"author":[{"embeddable":true,"href":"https:\/\/seoma.com\/fr\/wp-json\/wp\/v2\/users\/1"}],"replies":[{"embeddable":true,"href":"https:\/\/seoma.com\/fr\/wp-json\/wp\/v2\/comments?post=11734"}],"version-history":[{"count":1,"href":"https:\/\/seoma.com\/fr\/wp-json\/wp\/v2\/pages\/11734\/revisions"}],"predecessor-version":[{"id":11737,"href":"https:\/\/seoma.com\/fr\/wp-json\/wp\/v2\/pages\/11734\/revisions\/11737"}],"wp:attachment":[{"href":"https:\/\/seoma.com\/fr\/wp-json\/wp\/v2\/media?parent=11734"}],"curies":[{"name":"wp","href":"https:\/\/api.w.org\/{rel}","templated":true}]}}