{"id":12487,"date":"2024-10-13T10:03:52","date_gmt":"2024-10-13T10:03:52","guid":{"rendered":"https:\/\/bonoboterra.com\/accord-dutilisation-de-la-plate-forme-bonobo-terra\/"},"modified":"2024-10-30T17:25:59","modified_gmt":"2024-10-30T17:25:59","slug":"accord-dutilisation-de-la-plate-forme-seoma","status":"publish","type":"page","link":"https:\/\/seoma.com\/fr\/accord-dutilisation-de-la-plate-forme-seoma\/","title":{"rendered":"Accord d&rsquo;utilisation de la plate-forme Seoma"},"content":{"rendered":"\n<ol class=\"wp-block-list\">\n<li><strong>IntroductionSeoma<\/strong>Terra est une plateforme sociale innovante pour adultes (18+) qui fonctionne selon les principes de la libert\u00e9 d&rsquo;expression, de l&rsquo;acceptation et du respect. Cet accord r\u00e9git l&rsquo;utilisation de la plateforme, y compris la cr\u00e9ation d&rsquo;avatars, de mondes virtuels et d&rsquo;autres fonctionnalit\u00e9s. <\/li>\n\n\n\n<li><strong>Dispositions g\u00e9n\u00e9ralesEn<\/strong>utilisant Seoma, vous confirmez que vous avez 18 ans ou plus et que vous comprenez les conditions d&rsquo;utilisation. L&rsquo;acc\u00e8s \u00e0 la plateforme est strictement r\u00e9serv\u00e9 aux adultes et le contenu de la plateforme est destin\u00e9 aux adultes uniquement. <\/li>\n\n\n\n<li><strong>Enregistrement et v\u00e9rification de l&rsquo;\u00e2ge3<\/strong>.1. Lors de l&rsquo;enregistrement, l&rsquo;utilisateur doit confirmer qu&rsquo;il a 18 ans ou plus en cliquant sur un bouton de confirmation ou par le biais d&rsquo;un syst\u00e8me d&rsquo;authentification simple, tel que la v\u00e9rification de l&rsquo;adresse \u00e9lectronique.3.2. L&rsquo;administration se r\u00e9serve le droit de demander une v\u00e9rification suppl\u00e9mentaire de l&rsquo;\u00e2ge si cela est n\u00e9cessaire pour se conformer aux exigences l\u00e9gales.  <\/li>\n\n\n\n<li><strong>Politique \u00ab\u00a0Ce qui se passe sur Seoma reste sur Seoma\u00a0\u00bb 4<\/strong>.1. Seoma permet aux utilisateurs de cr\u00e9er et de personnaliser des avatars, de participer \u00e0 des mondes virtuels et d&rsquo;interagir avec d&rsquo;autres utilisateurs. Tout le contenu cr\u00e9\u00e9 sur la plateforme, y compris les avatars, les mondes virtuels et les enregistrements d&rsquo;interactions, est prot\u00e9g\u00e9 par une politique de confidentialit\u00e9 et ne peut \u00eatre export\u00e9 en dehors de la plateforme.4.2. Il est interdit de cr\u00e9er ou d&rsquo;utiliser des deepfakes ou d&rsquo;autres mat\u00e9riels destin\u00e9s \u00e0 \u00eatre utilis\u00e9s en dehors de la plateforme. Seoma se r\u00e9serve le droit de mettre en \u0153uvre des mesures techniques pour emp\u00eacher l&rsquo;exportation non autoris\u00e9e des contenus et mat\u00e9riels cr\u00e9\u00e9s par les utilisateurs.    <\/li>\n\n\n\n<li><strong>Mondes priv\u00e9s et publics5<\/strong>.1. Seoma permet aux utilisateurs de cr\u00e9er des mondes publics et priv\u00e9s pour communiquer et interagir.5.2. Dans les mondes publics, le respect des autres participants est obligatoire. Toute action impliquant une agression ou une coercition est strictement interdite.5.3. Dans les mondes priv\u00e9s, les utilisateurs peuvent cr\u00e9er des espaces \u00e0 acc\u00e8s restreint, prot\u00e9g\u00e9s par un mot de passe ou sur invitation uniquement. Dans ces espaces, des formes suppl\u00e9mentaires d&rsquo;expression et d&rsquo;interaction sont autoris\u00e9es avec le consentement de tous les participants, et tous les participants doivent adh\u00e9rer aux r\u00e8gles de la plateforme.     <\/li>\n\n\n\n<li><strong>Filtrage du contenu et param\u00e8tres de visibilit\u00e96<\/strong>.1. La plateforme permet aux utilisateurs de d\u00e9finir des filtres de contenu. Lors de la configuration initiale, les utilisateurs peuvent choisir les types de contenu qu&rsquo;ils souhaitent voir, en incluant ou en excluant les sc\u00e8nes comportant des \u00e9l\u00e9ments d&rsquo;agression, des interactions sexuelles et d&rsquo;autres th\u00e8mes.6.2. Seoma offre des param\u00e8tres de visibilit\u00e9 et de contr\u00f4le flexibles, permettant \u00e0 chaque utilisateur de cr\u00e9er un espace confortable et s\u00fbr.   <\/li>\n\n\n\n<li><strong>Politique de s\u00e9curit\u00e9 et de confidentialit\u00e97<\/strong>.1. Seoma utilise des technologies modernes pour prot\u00e9ger les donn\u00e9es des utilisateurs. Les informations personnelles, les messages, les fichiers et les interactions sont prot\u00e9g\u00e9s conform\u00e9ment aux normes internationales, y compris le GDPR.7.2. Les utilisateurs sont tenus d&rsquo;utiliser la plateforme en respectant la confidentialit\u00e9 des informations personnelles d&rsquo;autrui et ne doivent pas tenter de divulguer ou de distribuer des donn\u00e9es de tiers.   <\/li>\n\n\n\n<li><strong>Restrictions et contenu interdit8<\/strong>.1. Seoma interdit strictement le t\u00e9l\u00e9chargement, l&rsquo;affichage ou la cr\u00e9ation de contenu repr\u00e9sentant des enfants ou des personnes de moins de 18 ans. La violation de cette r\u00e8gle entra\u00eenera la suspension imm\u00e9diate du compte et la notification aux autorit\u00e9s charg\u00e9es de l&rsquo;application de la loi, si la loi l&rsquo;exige.8.2. La plateforme n&rsquo;autorise pas la discrimination fond\u00e9e sur le sexe, l&rsquo;orientation sexuelle, la race ou l&rsquo;origine ethnique. Tous les contenus t\u00e9l\u00e9charg\u00e9s et cr\u00e9\u00e9s par les utilisateurs doivent respecter ces principes.    <\/li>\n\n\n\n<li><strong>Filtres d&rsquo;utilisateur et param\u00e8tres initiaux9<\/strong>.1. Il incombe aux utilisateurs de d\u00e9finir des filtres de contenu dans leur profil personnel afin d&rsquo;afficher un contenu appropri\u00e9. La plateforme offre des param\u00e8tres flexibles, permettant \u00e0 chaque utilisateur de choisir un niveau confortable d&rsquo;interaction et de contenu visible.9.2. Seoma s&rsquo;engage \u00e0 ne pas restreindre l&rsquo;acc\u00e8s aux contenus de la plateforme s&rsquo;ils sont cr\u00e9\u00e9s par des adultes et s&rsquo;ils respectent les r\u00e8gles de la plateforme.   <\/li>\n\n\n\n<li><strong>Programmes d&rsquo;incitation et \u00e9conomie interne<\/strong><\/li>\n<\/ol>\n\n<p>10.1. The platform\u2019s internal currency (tokens) can be used for purchases, rewards, and exchanges. Users can earn tokens by creating content, participating in events, and engaging actively on the platform.  <\/p>\n\n<p>10.2. The platform\u2019s entire internal economy is supported by blockchain technology and limited to the platform\u2019s scope. <\/p>\n\n<ol start=\"11\" class=\"wp-block-list\">\n<li><strong>Droits et responsabilit\u00e9s des utilisateurs<\/strong><\/li>\n<\/ol>\n\n<p>11.1. Users have full rights to manage their content, including deletion and visibility control. Seoma commits not to share or disclose user information without their consent.  <\/p>\n\n<p>11.2. Users are required to respect other participants&rsquo; rights, not create or distribute aggressive content without consent, and abide by all platform rules. <\/p>\n\n<p>11.3. Seoma reserves the right to take action against users who violate the rules, including temporary suspension or account blocking. <\/p>\n\n<ol start=\"12\" class=\"wp-block-list\">\n<li><strong>Modifications de l&rsquo;accord<\/strong><\/li>\n<\/ol>\n\n<p>Seoma se r\u00e9serve le droit de mettre \u00e0 jour ce contrat d&rsquo;utilisation, et les notifications de ces changements seront publi\u00e9es sur la plateforme. Les utilisateurs acceptent de suivre les changements et de se conformer aux derni\u00e8res conditions d&rsquo;utilisation. <\/p>\n\n<ol start=\"13\" class=\"wp-block-list\">\n<li><strong>Dispositions finales<\/strong><\/li>\n<\/ol>\n\n<p>L&rsquo;utilisation de la plateforme implique l&rsquo;acceptation de cet accord d&rsquo;utilisation. Seoma s&rsquo;efforce de garantir la libert\u00e9 d&rsquo;expression des utilisateurs dans les limites des lois et des principes \u00e9nonc\u00e9s dans le pr\u00e9sent accord. <\/p>\n","protected":false},"excerpt":{"rendered":"<p>10.1. The platform\u2019s internal currency (tokens) can be used for purchases, rewards, and exchanges. Users can earn tokens by creating content, participating in events, and engaging actively on the platform. 10.2. The platform\u2019s entire internal economy is supported by blockchain technology and limited to the platform\u2019s scope. 11.1. Users have full rights to manage their &hellip; <a href=\"https:\/\/seoma.com\/fr\/accord-dutilisation-de-la-plate-forme-seoma\/\" class=\"more-link\">Continue reading <span class=\"screen-reader-text\">Accord d&rsquo;utilisation de la plate-forme Seoma<\/span><\/a><\/p>\n","protected":false},"author":1,"featured_media":0,"parent":0,"menu_order":0,"comment_status":"closed","ping_status":"open","template":"","meta":{"_acf_changed":false,"om_disable_all_campaigns":false,"_monsterinsights_skip_tracking":false,"_monsterinsights_sitenote_active":false,"_monsterinsights_sitenote_note":"","_monsterinsights_sitenote_category":0,"_uf_show_specific_survey":0,"_uf_disable_surveys":false,"footnotes":""},"class_list":["post-12487","page","type-page","status-publish","hentry"],"acf":[],"aioseo_notices":[],"_links":{"self":[{"href":"https:\/\/seoma.com\/fr\/wp-json\/wp\/v2\/pages\/12487","targetHints":{"allow":["GET"]}}],"collection":[{"href":"https:\/\/seoma.com\/fr\/wp-json\/wp\/v2\/pages"}],"about":[{"href":"https:\/\/seoma.com\/fr\/wp-json\/wp\/v2\/types\/page"}],"author":[{"embeddable":true,"href":"https:\/\/seoma.com\/fr\/wp-json\/wp\/v2\/users\/1"}],"replies":[{"embeddable":true,"href":"https:\/\/seoma.com\/fr\/wp-json\/wp\/v2\/comments?post=12487"}],"version-history":[{"count":1,"href":"https:\/\/seoma.com\/fr\/wp-json\/wp\/v2\/pages\/12487\/revisions"}],"predecessor-version":[{"id":12488,"href":"https:\/\/seoma.com\/fr\/wp-json\/wp\/v2\/pages\/12487\/revisions\/12488"}],"wp:attachment":[{"href":"https:\/\/seoma.com\/fr\/wp-json\/wp\/v2\/media?parent=12487"}],"curies":[{"name":"wp","href":"https:\/\/api.w.org\/{rel}","templated":true}]}}